{"id":127,"date":"2011-04-04T18:10:16","date_gmt":"2011-04-04T16:10:16","guid":{"rendered":"http:\/\/www.ortodoxmd.eu\/?page_id=127"},"modified":"2012-04-24T11:14:19","modified_gmt":"2012-04-24T09:14:19","slug":"portugalia","status":"publish","type":"page","link":"http:\/\/www.ortodoxmd.eu\/en\/cler-si-parohii\/parohii-si-comunitati\/portugalia\/","title":{"rendered":"Portugal"},"content":{"rendered":"<p class=\"qtranxs-available-languages-message qtranxs-available-languages-message-en\">Sorry, this entry is only available in <a href=\"http:\/\/www.ortodoxmd.eu\/ro\/wp-json\/wp\/v2\/pages\/127\" class=\"qtranxs-available-language-link qtranxs-available-language-link-ro\" title=\"Rom\u00e2n\u0103\">Rom\u00e2n\u0103<\/a> and <a href=\"http:\/\/www.ortodoxmd.eu\/fr\/wp-json\/wp\/v2\/pages\/127\" class=\"qtranxs-available-language-link qtranxs-available-language-link-fr\" title=\"Fran\u00e7ais\">Fran\u00e7ais<\/a>.<\/p>","protected":false},"excerpt":{"rendered":"<p>Sorry, this entry is only available in Rom\u00e2n\u0103 and Fran\u00e7ais.<\/p>\n","protected":false},"author":1,"featured_media":0,"parent":11,"menu_order":4,"comment_status":"closed","ping_status":"closed","template":"","meta":{"footnotes":""},"class_list":["post-127","page","type-page","status-publish","hentry"],"jetpack_shortlink":"https:\/\/wp.me\/P2NLBd-23","jetpack_sharing_enabled":true,"_links":{"self":[{"href":"http:\/\/www.ortodoxmd.eu\/en\/wp-json\/wp\/v2\/pages\/127","targetHints":{"allow":["GET"]}}],"collection":[{"href":"http:\/\/www.ortodoxmd.eu\/en\/wp-json\/wp\/v2\/pages"}],"about":[{"href":"http:\/\/www.ortodoxmd.eu\/en\/wp-json\/wp\/v2\/types\/page"}],"author":[{"embeddable":true,"href":"http:\/\/www.ortodoxmd.eu\/en\/wp-json\/wp\/v2\/users\/1"}],"replies":[{"embeddable":true,"href":"http:\/\/www.ortodoxmd.eu\/en\/wp-json\/wp\/v2\/comments?post=127"}],"version-history":[{"count":20,"href":"http:\/\/www.ortodoxmd.eu\/en\/wp-json\/wp\/v2\/pages\/127\/revisions"}],"predecessor-version":[{"id":2788,"href":"http:\/\/www.ortodoxmd.eu\/en\/wp-json\/wp\/v2\/pages\/127\/revisions\/2788"}],"up":[{"embeddable":true,"href":"http:\/\/www.ortodoxmd.eu\/en\/wp-json\/wp\/v2\/pages\/11"}],"wp:attachment":[{"href":"http:\/\/www.ortodoxmd.eu\/en\/wp-json\/wp\/v2\/media?parent=127"}],"curies":[{"name":"wp","href":"https:\/\/api.w.org\/{rel}","templated":true}]}}