{"id":2,"date":"2011-02-07T23:46:51","date_gmt":"2011-02-07T23:46:51","guid":{"rendered":"http:\/\/www.ortodoxmd.eu\/?page_id=2"},"modified":"2023-01-06T20:45:50","modified_gmt":"2023-01-06T18:45:50","slug":"secretariatul","status":"publish","type":"page","link":"http:\/\/www.ortodoxmd.eu\/fr\/secretariatul\/","title":{"rendered":"Secr\u00e9tariat"},"content":{"rendered":"<p><a href=\"http:\/\/www.ortodoxmd.eu\/luni-4-iunie-va-fi-oficiata-sf-liturghie-la-bisericuta-sf-duh-din-clamart\/clamart-3\/\" rel=\"attachment wp-att-2932\"><img data-recalc-dims=\"1\" loading=\"lazy\" decoding=\"async\" class=\"size-full wp-image-2932 alignleft\" src=\"https:\/\/i0.wp.com\/www.ortodoxmd.eu\/wp-content\/uploads\/2012\/06\/clamart.jpg?resize=148%2C112\" alt=\"clamart\" width=\"148\" height=\"112\" \/><\/a><strong>Chers fr\u00e8res et s\u0153urs,<\/strong><\/p>\n<p>Au cours des ann\u00e9es, des moldaves qui sont arriv\u00e9s dans des pays europ\u00e9ens pour diff\u00e9rentes raisons: \u00e9tudes, travail ou simplement pour y vivre, ont cherch\u00e9 un secours pour l\u2019\u00e2me dans les \u00e9glises orthodoxes existantes.<\/p>\n<p>Dans certaines localit\u00e9s ils ont constitu\u00e9 des communaut\u00e9s orthodoxes des moldaves de la r\u00e9gion. Ils ont ainsi la possibilit\u00e9 de prier pour ceux qui sont loin, dans le pays d\u2019origine, pour leurs proches. Ils ont la joie de se rencontrer avec leurs compatriotes et de s\u2019aider mutuellement.<\/p>\n<p>Dans le but d\u2019avoir un centre administratif des paroisses et communaut\u00e9s orthodoxes moldaves, avec la b\u00e9n\u00e9diction de Mgr Nestor, le m\u00e9tropolite de Cherson\u00e8se et de l&rsquo;Europe Occidedentale, le Secr\u00e9tariat de ces communaut\u00e9s a \u00e9t\u00e9 constitu\u00e9 et a son si\u00e8ge \u00e0 Paris.<\/p>\n<p>Le Secr\u00e9tariat repr\u00e9sente toutes les communaut\u00e9s orthodoxes moldaves en France, en Suisse, en Espagne et au Portugal.<\/p>\n<p>Pour plus d\u2019information \u00e9crivez-nous \u00e0 : <strong>contact@ortodoxmd.eu<\/strong><\/p>\n<p>Responsable \u00e0 contacter:<\/p>\n<p><strong>l\u2019hi\u00e9romoine Jos\u00e8phe Pavlinciuc: +33 6 48 12 07 68<\/strong>, <strong>iosif@ortodoxmd.eu<\/strong><\/p>","protected":false},"excerpt":{"rendered":"<p>Chers fr\u00e8res et s\u0153urs, Au cours des ann\u00e9es, des moldaves qui sont arriv\u00e9s dans des pays europ\u00e9ens pour diff\u00e9rentes raisons: \u00e9tudes, travail ou simplement pour y vivre, ont cherch\u00e9 un secours pour l\u2019\u00e2me dans les \u00e9glises orthodoxes existantes. Dans certaines localit\u00e9s ils ont constitu\u00e9 des communaut\u00e9s orthodoxes des moldaves de <a href=\"http:\/\/www.ortodoxmd.eu\/fr\/secretariatul\/\" class=\"btn btn-link continue-link\">Continue Reading<\/a><\/p>\n","protected":false},"author":1,"featured_media":0,"parent":0,"menu_order":0,"comment_status":"closed","ping_status":"closed","template":"","meta":{"footnotes":""},"class_list":["post-2","page","type-page","status-publish","hentry"],"jetpack_shortlink":"https:\/\/wp.me\/P2NLBd-2","jetpack_sharing_enabled":true,"_links":{"self":[{"href":"http:\/\/www.ortodoxmd.eu\/fr\/wp-json\/wp\/v2\/pages\/2","targetHints":{"allow":["GET"]}}],"collection":[{"href":"http:\/\/www.ortodoxmd.eu\/fr\/wp-json\/wp\/v2\/pages"}],"about":[{"href":"http:\/\/www.ortodoxmd.eu\/fr\/wp-json\/wp\/v2\/types\/page"}],"author":[{"embeddable":true,"href":"http:\/\/www.ortodoxmd.eu\/fr\/wp-json\/wp\/v2\/users\/1"}],"replies":[{"embeddable":true,"href":"http:\/\/www.ortodoxmd.eu\/fr\/wp-json\/wp\/v2\/comments?post=2"}],"version-history":[{"count":37,"href":"http:\/\/www.ortodoxmd.eu\/fr\/wp-json\/wp\/v2\/pages\/2\/revisions"}],"predecessor-version":[{"id":10372,"href":"http:\/\/www.ortodoxmd.eu\/fr\/wp-json\/wp\/v2\/pages\/2\/revisions\/10372"}],"wp:attachment":[{"href":"http:\/\/www.ortodoxmd.eu\/fr\/wp-json\/wp\/v2\/media?parent=2"}],"curies":[{"name":"wp","href":"https:\/\/api.w.org\/{rel}","templated":true}]}}